{"id":987,"date":"2023-04-25T13:07:37","date_gmt":"2023-04-25T11:07:37","guid":{"rendered":"https:\/\/vallentunajudo.se\/?page_id=987"},"modified":"2026-03-18T07:05:18","modified_gmt":"2026-03-18T06:05:18","slug":"om-oss","status":"publish","type":"page","link":"https:\/\/vallentunajudo.se\/?page_id=987","title":{"rendered":"Om oss"},"content":{"rendered":"\n<div class=\"wp-block-genesis-blocks-gb-container gb-block-container\"><div class=\"gb-container-inside\"><div class=\"gb-container-content\">\n<h2 class=\"wp-block-heading\">V\u00e5ra tr\u00e4nare<\/h2>\n\n\n\n<figure class=\"wp-block-image size-full\"><img loading=\"lazy\" decoding=\"async\" width=\"1000\" height=\"664\" src=\"https:\/\/vallentunajudo.se\/wp-content\/uploads\/2025\/01\/Judo_043.jpg\" alt=\"\" class=\"wp-image-1710\" srcset=\"https:\/\/vallentunajudo.se\/wp-content\/uploads\/2025\/01\/Judo_043.jpg 1000w, https:\/\/vallentunajudo.se\/wp-content\/uploads\/2025\/01\/Judo_043-300x199.jpg 300w, https:\/\/vallentunajudo.se\/wp-content\/uploads\/2025\/01\/Judo_043-768x510.jpg 768w\" sizes=\"auto, (max-width: 1000px) 100vw, 1000px\" \/><\/figure>\n<\/div><\/div><\/div>\n\n\n\n<p data-wp-context---core-fit-text=\"core\/fit-text::{&quot;fontSize&quot;:&quot;&quot;}\" data-wp-init---core-fit-text=\"core\/fit-text::callbacks.init\" data-wp-interactive data-wp-style--font-size=\"core\/fit-text::context.fontSize\" class=\"has-fit-text\">H\u00e4r ovan \u00e4r n\u00e5gra av v\u00e5ra judoinstrukt\u00f6rer Pierre, Julia, Claudia och Tilman.<\/p>\n\n\n\n<h3 class=\"wp-block-heading\">Klubbtr\u00e4nare<\/h3>\n\n\n\n<p> Claudia Johansson <\/p>\n\n\n\n<h3 class=\"wp-block-heading\">Assisterande klubbtr\u00e4nare <\/h3>\n\n\n\n<p>Pierre Johansson, Julia Mannherz, Tilman Bauer och Dag Sj\u00f6blom <\/p>\n\n\n\n<h3 class=\"wp-block-heading\">Hj\u00e4lptr\u00e4nare<\/h3>\n\n\n\n<p>Dinna Sabet, Linnea Johansson och Mickael Andersson.<\/p>\n","protected":false},"excerpt":{"rendered":"<p>H\u00e4r ovan \u00e4r n\u00e5gra av v\u00e5ra judoinstrukt\u00f6rer Pierre, Julia, Claudia och Tilman. Klubbtr\u00e4nare Claudia Johansson Assisterande klubbtr\u00e4nare Pierre Johansson, Julia Mannherz, Tilman Bauer och Dag Sj\u00f6blom Hj\u00e4lptr\u00e4nare Dinna Sabet, Linnea [&hellip;]<\/p>\n","protected":false},"author":1,"featured_media":155,"parent":0,"menu_order":0,"comment_status":"closed","ping_status":"closed","template":"","meta":{"_genesis_hide_title":false,"_genesis_hide_breadcrumbs":false,"_genesis_hide_singular_image":false,"_genesis_hide_footer_widgets":false,"_genesis_custom_body_class":"","_genesis_custom_post_class":"","_genesis_layout":"","_mc_calendar":[],"footnotes":""},"class_list":["post-987","page","type-page","status-publish","has-post-thumbnail","entry"],"featured_image_src":"https:\/\/vallentunajudo.se\/wp-content\/uploads\/2022\/06\/vallentuna-judo.jpg","featured_image_src_square":"https:\/\/vallentunajudo.se\/wp-content\/uploads\/2022\/06\/vallentuna-judo.jpg","_links":{"self":[{"href":"https:\/\/vallentunajudo.se\/index.php?rest_route=\/wp\/v2\/pages\/987","targetHints":{"allow":["GET"]}}],"collection":[{"href":"https:\/\/vallentunajudo.se\/index.php?rest_route=\/wp\/v2\/pages"}],"about":[{"href":"https:\/\/vallentunajudo.se\/index.php?rest_route=\/wp\/v2\/types\/page"}],"author":[{"embeddable":true,"href":"https:\/\/vallentunajudo.se\/index.php?rest_route=\/wp\/v2\/users\/1"}],"replies":[{"embeddable":true,"href":"https:\/\/vallentunajudo.se\/index.php?rest_route=%2Fwp%2Fv2%2Fcomments&post=987"}],"version-history":[{"count":10,"href":"https:\/\/vallentunajudo.se\/index.php?rest_route=\/wp\/v2\/pages\/987\/revisions"}],"predecessor-version":[{"id":2021,"href":"https:\/\/vallentunajudo.se\/index.php?rest_route=\/wp\/v2\/pages\/987\/revisions\/2021"}],"wp:featuredmedia":[{"embeddable":true,"href":"https:\/\/vallentunajudo.se\/index.php?rest_route=\/wp\/v2\/media\/155"}],"wp:attachment":[{"href":"https:\/\/vallentunajudo.se\/index.php?rest_route=%2Fwp%2Fv2%2Fmedia&parent=987"}],"curies":[{"name":"wp","href":"https:\/\/api.w.org\/{rel}","templated":true}]}}