{"id":343,"date":"2022-12-17T10:36:45","date_gmt":"2022-12-17T09:36:45","guid":{"rendered":"https:\/\/www.granback.se\/?page_id=343"},"modified":"2026-01-19T11:46:12","modified_gmt":"2026-01-19T10:46:12","slug":"judo4balance-lar-dig-falla-ratt","status":"publish","type":"page","link":"https:\/\/vallentunajudo.se\/?page_id=343","title":{"rendered":"Falltrygghetstr\u00e4ning i Vallentuna"},"content":{"rendered":"\n<p><\/p>\n\n\n\n<p><strong>Medlemskap<\/strong><\/p>\n\n\n\n<p>Bli medlem i judoklubben som senior och delta i gemenskapen, i medlemskapet ing\u00e5r f\u00f6rs\u00e4kring, inbjudan till f\u00f6reningens gemensamma aktiviteter som tr\u00e4ning, l\u00e4ger, \u00e5rsm\u00f6te, h\u00f6gtidsfirande som p\u00e5sk, midsommar, halloween mfl. Ans\u00f6k om ditt medlemskap h\u00e4r: <a href=\"http:\/\/laget.se\/vallentunajudo\" data-type=\"link\" data-id=\"laget.se\/vallentunajudo\">laget.se\/vallentunajudo<\/a>, pris 200 kr\/person\/\u00e5r.<\/p>\n\n\n\n<p><strong>Kultur i r\u00f6relse &#8211; Judo4Balance Vallentuna<br><\/strong>V\u00e4lkommen p\u00e5 Kultur i r\u00f6relse &#8211; en perfekt kombination av motion och kultur.<\/p>\n\n\n\n<p>Judo4Balance \u00e4r namnet p\u00e5 Svenska Judof\u00f6rbundets preventiva tr\u00e4ningsprogram f\u00f6r falltr\u00e4ning, det handlar om att l\u00e4ra sig att falla p\u00e5 ett s\u00e4kert s\u00e4tt f\u00f6r att \u00f6ka tryggheten i vardagen. Genom att tr\u00e4na upp stryka, balans och kroppskontroll \u00e4r det l\u00e4ttare att hinna parera och undvika farliga fall. Inga f\u00f6rkunskaper kr\u00e4vs. Under nedvarvningen l\u00e4ser v\u00e5ra instrukt\u00f6rer ett urval av dikter fr\u00e5n Vallentuna Bibliotek.<\/p>\n\n\n\n<p>Fri entr\u00e9. Falltrygghetstr\u00e4ningen subventioneras av Vallentuna kommun. Kom ombytt och redo. Efter aktiviteten finns \u00e4ven m\u00f6jlighet att njuta av en kopp kaffe eller te.<\/p>\n\n\n\n<p>Fri entr\u00e9. Kom ombytt och redo. Efter aktiviteten finns \u00e4ven m\u00f6jlighet att njuta av en kopp kaffe eller te.<\/p>\n\n\n\n<p><strong>Plats:<\/strong> Blekingev\u00e4gen 1, 186 45 Vallentuna<\/p>\n\n\n\n<h4 class=\"wp-block-heading\"><strong>Schema f\u00f6r VT 2026 <\/strong><\/h4>\n\n\n\n<p>Falltr\u00e4ning p\u00e5 torsdagar kl 09:30-10:30 och d\u00e4refter blir det en gemensam fika.<\/p>\n\n\n\n<p><\/p>\n\n\n\n<h1 class=\"wp-block-heading\"><strong>Bakgrund<\/strong><\/h1>\n\n\n\n<figure class=\"wp-block-embed is-type-video is-provider-youtube wp-block-embed-youtube wp-embed-aspect-16-9 wp-has-aspect-ratio\"><div class=\"wp-block-embed__wrapper\">\n<iframe loading=\"lazy\" title=\"Judo4Balance - Falltrygghet f\u00f6r \u00e4ldre (textad)\" width=\"500\" height=\"281\" src=\"https:\/\/www.youtube.com\/embed\/zPHXP24Vx5Q?feature=oembed\" frameborder=\"0\" allow=\"accelerometer; autoplay; clipboard-write; encrypted-media; gyroscope; picture-in-picture; web-share\" referrerpolicy=\"strict-origin-when-cross-origin\" allowfullscreen><\/iframe>\n<\/div><\/figure>\n\n\n\n<p><\/p>\n\n\n\n<p>Det sker 270 000 fallolyckor i Sverige varje \u00e5r. Med r\u00e4tt fallteknik<br>kan man undvika att skada sig eller lindra om olyckan \u00e4r framme .<\/p>\n\n\n\n<p>Fallolyckor \u00e4r ett av samh\u00e4llets stora folkh\u00e4lsoproblem. En av de mest utsatta grupperna \u00e4r \u00e4ldre, men genom r\u00e4tt typ av tr\u00e4ning kan fallolyckor f\u00f6rebyggas. Falltrygghet f\u00f6r \u00e4ldre \u00e4r en del av Svenska Judof\u00f6rbundets fallpreventiva tr\u00e4ningsprogram Judo4Balance. <\/p>\n\n\n\n<p>P\u00e5 kursen f\u00e5r \u00e4ldre l\u00e4ra sig att falla p\u00e5 ett s\u00e4kert s\u00e4tt f\u00f6r att \u00f6ka tryggheten i vardagen. Genom att tr\u00e4na upp stryka, balans och kroppskontroll \u00e4r det l\u00e4ttare att hinna parera och undvika att falla, och med r\u00e4tt fallteknik minskas \u00e4ven risken att skada sig om ett fall \u00e4nd\u00e5 skulle ske. Programmet \u00e4r utvecklat av en expertgrupp best\u00e5ende av en l\u00e4kare, en arbetsterapeut och tre sjukgymnaster i samverkan med Michail Tonkonogi, professor i medicinsk vetenskap vid Dalarnas H\u00f6gskola. Samtliga i expertgruppen \u00e4r judotr\u00e4nare med svart b\u00e4lte. Forskning vid H\u00f6gskolan Dalarna har visat att att tr\u00e4ningsprogrammet fungerar och har god effekt f\u00f6r att f\u00f6rebygga fallolyckor.<\/p>\n\n\n\n<p>Vill du prova p\u00e5 falltr\u00e4ning? Vallentuna Judoklubb har lic. Falltrygghets- och Fallkompetensledare.<\/p>\n\n\n\n<p><strong>Fallkompetenskurs f\u00f6r arbetslivet<\/strong><\/p>\n\n\n\n<p>Kontakta oss f\u00f6r att komma ig\u00e5ng med en fallkurs p\u00e5 jobbet info@vallentunajudo.se<\/p>\n\n\n\n<div class=\"wp-block-columns is-layout-flex wp-container-core-columns-is-layout-9d6595d7 wp-block-columns-is-layout-flex\">\n<div class=\"wp-block-column is-layout-flow wp-block-column-is-layout-flow\" style=\"flex-basis:100%\">\n<figure class=\"wp-block-image size-large\"><img loading=\"lazy\" decoding=\"async\" width=\"1024\" height=\"683\" src=\"https:\/\/vallentunajudo.se\/wp-content\/uploads\/2024\/09\/J4B_DSC0427-1024x683.jpeg\" alt=\"\" class=\"wp-image-1606\" srcset=\"https:\/\/vallentunajudo.se\/wp-content\/uploads\/2024\/09\/J4B_DSC0427-1024x683.jpeg 1024w, https:\/\/vallentunajudo.se\/wp-content\/uploads\/2024\/09\/J4B_DSC0427-300x200.jpeg 300w, https:\/\/vallentunajudo.se\/wp-content\/uploads\/2024\/09\/J4B_DSC0427-768x512.jpeg 768w, https:\/\/vallentunajudo.se\/wp-content\/uploads\/2024\/09\/J4B_DSC0427-1536x1024.jpeg 1536w, https:\/\/vallentunajudo.se\/wp-content\/uploads\/2024\/09\/J4B_DSC0427-2048x1366.jpeg 2048w, https:\/\/vallentunajudo.se\/wp-content\/uploads\/2024\/09\/J4B_DSC0427-600x400.jpeg 600w\" sizes=\"auto, (max-width: 1024px) 100vw, 1024px\" \/><\/figure>\n<\/div>\n<\/div>\n","protected":false},"excerpt":{"rendered":"<p>Medlemskap Bli medlem i judoklubben som senior och delta i gemenskapen, i medlemskapet ing\u00e5r f\u00f6rs\u00e4kring, inbjudan till f\u00f6reningens gemensamma aktiviteter som tr\u00e4ning, l\u00e4ger, \u00e5rsm\u00f6te, h\u00f6gtidsfirande som p\u00e5sk, midsommar, halloween mfl. [&hellip;]<\/p>\n","protected":false},"author":1,"featured_media":0,"parent":0,"menu_order":0,"comment_status":"closed","ping_status":"closed","template":"","meta":{"_genesis_hide_title":false,"_genesis_hide_breadcrumbs":false,"_genesis_hide_singular_image":false,"_genesis_hide_footer_widgets":false,"_genesis_custom_body_class":"","_genesis_custom_post_class":"","_genesis_layout":"","_mc_calendar":[],"footnotes":""},"class_list":["post-343","page","type-page","status-publish","entry","has-post-thumbnail"],"featured_image_src":null,"featured_image_src_square":null,"_links":{"self":[{"href":"https:\/\/vallentunajudo.se\/index.php?rest_route=\/wp\/v2\/pages\/343","targetHints":{"allow":["GET"]}}],"collection":[{"href":"https:\/\/vallentunajudo.se\/index.php?rest_route=\/wp\/v2\/pages"}],"about":[{"href":"https:\/\/vallentunajudo.se\/index.php?rest_route=\/wp\/v2\/types\/page"}],"author":[{"embeddable":true,"href":"https:\/\/vallentunajudo.se\/index.php?rest_route=\/wp\/v2\/users\/1"}],"replies":[{"embeddable":true,"href":"https:\/\/vallentunajudo.se\/index.php?rest_route=%2Fwp%2Fv2%2Fcomments&post=343"}],"version-history":[{"count":14,"href":"https:\/\/vallentunajudo.se\/index.php?rest_route=\/wp\/v2\/pages\/343\/revisions"}],"predecessor-version":[{"id":1981,"href":"https:\/\/vallentunajudo.se\/index.php?rest_route=\/wp\/v2\/pages\/343\/revisions\/1981"}],"wp:attachment":[{"href":"https:\/\/vallentunajudo.se\/index.php?rest_route=%2Fwp%2Fv2%2Fmedia&parent=343"}],"curies":[{"name":"wp","href":"https:\/\/api.w.org\/{rel}","templated":true}]}}