{"id":1772,"date":"2025-06-01T10:36:51","date_gmt":"2025-06-01T08:36:51","guid":{"rendered":"https:\/\/vallentunajudo.se\/?page_id=1772"},"modified":"2026-01-19T11:26:05","modified_gmt":"2026-01-19T10:26:05","slug":"barn-och-ungdomstraning","status":"publish","type":"page","link":"https:\/\/vallentunajudo.se\/?page_id=1772","title":{"rendered":"Barn- och Ungdomstr\u00e4ning"},"content":{"rendered":"\n<p>Vi erbjuder tr\u00e4ning f\u00f6r barn (fr\u00e5n 7 \u00e5r) och ungdomar i olika grupper, indelade i \u00e5lder och niv\u00e5. Barn mellan 7 och 12 \u00e5r tr\u00e4nar m\u00e5n\/ons kl 18:00-19:00. Ungdomar 13+ tr\u00e4nar tilsammans med vuxna m\u00e5n\/ons kl 19:00-20:30. Tr\u00e4ningarna kommer att ledas av flera tr\u00e4nare och delas upp enligt \u00e5lder och f\u00f6rkunskaper.<\/p>\n\n\n\n<p>Du f\u00e5r alltid prova p\u00e5 1 g\u00e5ng gratis innan du best\u00e4mmer dig. Vi uppmuntrar att b\u00f6rja till terminsstart f\u00f6r att underl\u00e4tta tr\u00e4ningsplaneringen, men det g\u00e5r \u00e4ven bra att b\u00f6rja under terminens g\u00e5ng.<\/p>\n\n\n\n<p><a href=\"http:\/\/laget.se\/vallentunajudo\" data-type=\"link\" data-id=\"laget.se\/vallentunajudo\">Anm\u00e4l dig nu<\/a> <\/p>\n\n\n\n<p><\/p>\n","protected":false},"excerpt":{"rendered":"<p>Vi erbjuder tr\u00e4ning f\u00f6r barn (fr\u00e5n 7 \u00e5r) och ungdomar i olika grupper, indelade i \u00e5lder och niv\u00e5. Barn mellan 7 och 12 \u00e5r tr\u00e4nar m\u00e5n\/ons kl 18:00-19:00. Ungdomar 13+ [&hellip;]<\/p>\n","protected":false},"author":1,"featured_media":1773,"parent":0,"menu_order":0,"comment_status":"closed","ping_status":"closed","template":"","meta":{"_genesis_hide_title":false,"_genesis_hide_breadcrumbs":false,"_genesis_hide_singular_image":false,"_genesis_hide_footer_widgets":false,"_genesis_custom_body_class":"","_genesis_custom_post_class":"","_genesis_layout":"","_mc_calendar":[],"footnotes":""},"class_list":["post-1772","page","type-page","status-publish","has-post-thumbnail","entry"],"featured_image_src":"https:\/\/vallentunajudo.se\/wp-content\/uploads\/2025\/06\/DSC_0155-600x400.jpg","featured_image_src_square":"https:\/\/vallentunajudo.se\/wp-content\/uploads\/2025\/06\/DSC_0155-600x600.jpg","_links":{"self":[{"href":"https:\/\/vallentunajudo.se\/index.php?rest_route=\/wp\/v2\/pages\/1772","targetHints":{"allow":["GET"]}}],"collection":[{"href":"https:\/\/vallentunajudo.se\/index.php?rest_route=\/wp\/v2\/pages"}],"about":[{"href":"https:\/\/vallentunajudo.se\/index.php?rest_route=\/wp\/v2\/types\/page"}],"author":[{"embeddable":true,"href":"https:\/\/vallentunajudo.se\/index.php?rest_route=\/wp\/v2\/users\/1"}],"replies":[{"embeddable":true,"href":"https:\/\/vallentunajudo.se\/index.php?rest_route=%2Fwp%2Fv2%2Fcomments&post=1772"}],"version-history":[{"count":6,"href":"https:\/\/vallentunajudo.se\/index.php?rest_route=\/wp\/v2\/pages\/1772\/revisions"}],"predecessor-version":[{"id":1979,"href":"https:\/\/vallentunajudo.se\/index.php?rest_route=\/wp\/v2\/pages\/1772\/revisions\/1979"}],"wp:featuredmedia":[{"embeddable":true,"href":"https:\/\/vallentunajudo.se\/index.php?rest_route=\/wp\/v2\/media\/1773"}],"wp:attachment":[{"href":"https:\/\/vallentunajudo.se\/index.php?rest_route=%2Fwp%2Fv2%2Fmedia&parent=1772"}],"curies":[{"name":"wp","href":"https:\/\/api.w.org\/{rel}","templated":true}]}}