{"id":176,"date":"2022-06-02T10:00:58","date_gmt":"2022-06-02T08:00:58","guid":{"rendered":"https:\/\/www.granback.se\/?page_id=176"},"modified":"2023-04-16T01:14:40","modified_gmt":"2023-04-15T23:14:40","slug":"webshop","status":"publish","type":"page","link":"https:\/\/vallentunajudo.se\/?page_id=176","title":{"rendered":"Webshop"},"content":{"rendered":"\n<p>Var med och st\u00f6tta klubben genom att k\u00f6pa klubbkl\u00e4der eller judodr\u00e4kt fr\u00e5n l\u00e4nkarna nedan.<\/p>\n\n\n\n<p>Klubbkl\u00e4der:<\/p>\n\n\n\n<p><a rel=\"noreferrer noopener\" href=\"https:\/\/www.barekohuddinge.se\/klubbshop\/vallentuna-judoklubb\/\" data-type=\"URL\" data-id=\"https:\/\/www.barekohuddinge.se\/klubbshop\/vallentuna-judoklubb\/\" target=\"_blank\">Bareko<\/a><\/p>\n\n\n\n<p>Dr\u00e4kter: <\/p>\n\n\n\n<p><a href=\"https:\/\/www.ippon-shop.com\/en\/\" target=\"_blank\" rel=\"noreferrer noopener\">Ippon Gear<\/a><\/p>\n\n\n\n<p> <a href=\"https:\/\/greenhillsports.se\/discount\/Val22\">Green Hill<\/a><\/p>\n\n\n\n<p><\/p>\n","protected":false},"excerpt":{"rendered":"<p>Var med och st\u00f6tta klubben genom att k\u00f6pa klubbkl\u00e4der eller judodr\u00e4kt fr\u00e5n l\u00e4nkarna nedan. Klubbkl\u00e4der: Bareko Dr\u00e4kter: Ippon Gear Green Hill<\/p>\n","protected":false},"author":1,"featured_media":0,"parent":0,"menu_order":0,"comment_status":"closed","ping_status":"closed","template":"","meta":{"_genesis_hide_title":false,"_genesis_hide_breadcrumbs":false,"_genesis_hide_singular_image":false,"_genesis_hide_footer_widgets":false,"_genesis_custom_body_class":"","_genesis_custom_post_class":"","_genesis_layout":"","_mc_calendar":[],"footnotes":""},"class_list":["post-176","page","type-page","status-publish","entry"],"featured_image_src":null,"featured_image_src_square":null,"_links":{"self":[{"href":"https:\/\/vallentunajudo.se\/index.php?rest_route=\/wp\/v2\/pages\/176","targetHints":{"allow":["GET"]}}],"collection":[{"href":"https:\/\/vallentunajudo.se\/index.php?rest_route=\/wp\/v2\/pages"}],"about":[{"href":"https:\/\/vallentunajudo.se\/index.php?rest_route=\/wp\/v2\/types\/page"}],"author":[{"embeddable":true,"href":"https:\/\/vallentunajudo.se\/index.php?rest_route=\/wp\/v2\/users\/1"}],"replies":[{"embeddable":true,"href":"https:\/\/vallentunajudo.se\/index.php?rest_route=%2Fwp%2Fv2%2Fcomments&post=176"}],"version-history":[{"count":4,"href":"https:\/\/vallentunajudo.se\/index.php?rest_route=\/wp\/v2\/pages\/176\/revisions"}],"predecessor-version":[{"id":1553,"href":"https:\/\/vallentunajudo.se\/index.php?rest_route=\/wp\/v2\/pages\/176\/revisions\/1553"}],"wp:attachment":[{"href":"https:\/\/vallentunajudo.se\/index.php?rest_route=%2Fwp%2Fv2%2Fmedia&parent=176"}],"curies":[{"name":"wp","href":"https:\/\/api.w.org\/{rel}","templated":true}]}}