{"id":142,"date":"2022-06-02T08:48:48","date_gmt":"2022-06-02T06:48:48","guid":{"rendered":"https:\/\/www.granback.se\/contact-us\/"},"modified":"2025-12-22T21:22:16","modified_gmt":"2025-12-22T20:22:16","slug":"contact-us","status":"publish","type":"page","link":"https:\/\/vallentunajudo.se\/?page_id=142","title":{"rendered":"Kontakta oss"},"content":{"rendered":"\n<h2 class=\"wp-block-heading\">Vallentuna Judoklubb<\/h2>\n\n\n\n<p>Du n\u00e5r oss snabbast via <a href=\"mailto:info@vallentunajudo.se\" data-type=\"mailto\" data-id=\"mailto:info@vallentunajudo.se\">mejl<\/a> eller via v\u00e5r <a href=\"https:\/\/www.facebook.com\/vallentunajudo\/\">facebooksida<\/a>.<\/p>\n\n\n\n<figure class=\"wp-block-table\"><table><tbody><tr><td><strong>Post- och fakturaadress<\/strong><\/td><td>Vallentuna Judoklubb c\/o Claudia Johansson, M\u00f6rbytorpsv\u00e4gen 307<br>18694&nbsp;Vallentuna<\/td><\/tr><tr><td><strong>Bes\u00f6ksadress<\/strong><\/td><td>Vallentuna Judoklubb <br>Blekingev\u00e4gen 1 <br>18645\u00a0Vallentuna<\/td><\/tr><tr><td><strong>\u00d6ppettider<\/strong><\/td><td>M\u00e5ndag 18-21<br>Onsdag 18-21<br>Fredag 18:30-20<br>L\u00f6rdag 09-13<\/td><\/tr><tr><td><\/td><td><\/td><\/tr><tr><td><strong>E-post<\/strong><\/td><td><a href=\"mailto:info@vallentunajudo.se\">info@vallentunajudo.se<\/a><\/td><\/tr><tr><td><\/td><td><\/td><\/tr><tr><td><strong>Hemsida<\/strong><\/td><td><a href=\"https:\/\/www.vallentunajudo.se\/\">https:\/\/www.vallentunajudo.se<\/a><\/td><\/tr><tr><td><strong>Bankgiro<\/strong><\/td><td>5514-8233<\/td><\/tr><tr><td><strong>Swish<\/strong><\/td><td>1236232763<\/td><\/tr><\/tbody><\/table><\/figure>\n","protected":false},"excerpt":{"rendered":"<p>Vallentuna Judoklubb Du n\u00e5r oss snabbast via mejl eller via v\u00e5r facebooksida. Post- och fakturaadress Vallentuna Judoklubb c\/o Claudia Johansson, M\u00f6rbytorpsv\u00e4gen 30718694&nbsp;Vallentuna Bes\u00f6ksadress Vallentuna Judoklubb Blekingev\u00e4gen 1 18645\u00a0Vallentuna \u00d6ppettider M\u00e5ndag [&hellip;]<\/p>\n","protected":false},"author":1,"featured_media":0,"parent":0,"menu_order":0,"comment_status":"closed","ping_status":"closed","template":"","meta":{"_genesis_hide_title":false,"_genesis_hide_breadcrumbs":false,"_genesis_hide_singular_image":false,"_genesis_hide_footer_widgets":false,"_genesis_custom_body_class":"","_genesis_custom_post_class":"","_genesis_layout":"","_mc_calendar":[],"footnotes":""},"class_list":["post-142","page","type-page","status-publish","entry"],"featured_image_src":null,"featured_image_src_square":null,"_links":{"self":[{"href":"https:\/\/vallentunajudo.se\/index.php?rest_route=\/wp\/v2\/pages\/142","targetHints":{"allow":["GET"]}}],"collection":[{"href":"https:\/\/vallentunajudo.se\/index.php?rest_route=\/wp\/v2\/pages"}],"about":[{"href":"https:\/\/vallentunajudo.se\/index.php?rest_route=\/wp\/v2\/types\/page"}],"author":[{"embeddable":true,"href":"https:\/\/vallentunajudo.se\/index.php?rest_route=\/wp\/v2\/users\/1"}],"replies":[{"embeddable":true,"href":"https:\/\/vallentunajudo.se\/index.php?rest_route=%2Fwp%2Fv2%2Fcomments&post=142"}],"version-history":[{"count":6,"href":"https:\/\/vallentunajudo.se\/index.php?rest_route=\/wp\/v2\/pages\/142\/revisions"}],"predecessor-version":[{"id":1942,"href":"https:\/\/vallentunajudo.se\/index.php?rest_route=\/wp\/v2\/pages\/142\/revisions\/1942"}],"wp:attachment":[{"href":"https:\/\/vallentunajudo.se\/index.php?rest_route=%2Fwp%2Fv2%2Fmedia&parent=142"}],"curies":[{"name":"wp","href":"https:\/\/api.w.org\/{rel}","templated":true}]}}