{"id":141,"date":"2022-06-02T08:48:47","date_gmt":"2022-06-02T06:48:47","guid":{"rendered":"https:\/\/www.granback.se\/about-us\/"},"modified":"2026-04-12T19:39:11","modified_gmt":"2026-04-12T17:39:11","slug":"about-us","status":"publish","type":"page","link":"https:\/\/vallentunajudo.se\/?page_id=141","title":{"rendered":"Bli medlem"},"content":{"rendered":"\n<div class=\"wp-block-columns has-2-columns is-layout-flex wp-container-core-columns-is-layout-9d6595d7 wp-block-columns-is-layout-flex\">\n<div class=\"wp-block-column is-layout-flow wp-block-column-is-layout-flow\">\n<h1 class=\"wp-block-heading\">Prova p\u00e5<\/h1>\n\n\n\n<p>Prova judo 1 g\u00e5ng gratis innan du best\u00e4mmer dig att bli medlem. Det g\u00e5r bra att b\u00f6rja n\u00e4rsomhelst, \u00e4ven mitt under terminen. Saknar du medlems- och tr\u00e4ningsfaktura?<\/p>\n\n\n\n<p>Medlemsprocessen<\/p>\n\n\n\n<ol class=\"wp-block-list\">\n<li>Ans\u00f6k om medlemskap via formul\u00e4ret nedan.<\/li>\n\n\n\n<li>Inv\u00e4nta faktura p\u00e5 medlems- och tr\u00e4ningsavgift.<\/li>\n\n\n\n<li>B\u00f6rja tr\u00e4na n\u00e4r ans\u00f6kan \u00e4r beviljad samt att medlems- och tr\u00e4ningsavgift \u00e4r inbetalt.<\/li>\n\n\n\n<li>Fr\u00e5gor info@vallentunajudo<\/li>\n<\/ol>\n\n\n\n<p>I tr\u00e4ningsavgiften ing\u00e5r r\u00e4tten att delta vid s\u00e5 m\u00e5nga tr\u00e4ningar som man vill, \u00e4ven i flera grupper.<\/p>\n\n\n\n<ol class=\"wp-block-list\">\n<li><\/li>\n<\/ol>\n\n\n\n<h2 class=\"wp-block-heading\">Medlems- och tr\u00e4ningsavgifter<\/h2>\n\n\n\n<figure class=\"wp-block-table\"><table><tbody><tr><td class=\"has-text-align-left\" data-align=\"left\">Medlemsavgift<\/td><td>200 kr\/kalender\u00e5r\/obligatoriskt<\/td><\/tr><tr><td class=\"has-text-align-left\" data-align=\"left\">Under 20 \u00e5r och \u00f6ver 67 \u00e5r<\/td><td>750 kr\/termin <\/td><\/tr><tr><td class=\"has-text-align-left\" data-align=\"left\">Mellan 20 och 64 \u00e5r<\/td><td>1.250 kr\/termin<\/td><\/tr><tr><td class=\"has-text-align-left\" data-align=\"left\"><\/td><td><\/td><\/tr><tr><td class=\"has-text-align-left\" data-align=\"left\">Stor &amp; Liten<\/td><td>medlems- och tr\u00e4ningsavgift f\u00f6r alla deltagande<\/td><\/tr><tr><td class=\"has-text-align-left\" data-align=\"left\">Serviceavgift <\/td><td>29 kr per medlemsfaktura<\/td><\/tr><\/tbody><\/table><\/figure>\n\n\n\n<h2 class=\"wp-block-heading\">Hur blir jag medlem?<\/h2>\n\n\n\n<div class=\"wp-block-buttons is-content-justification-left is-layout-flex wp-container-core-buttons-is-layout-fdcfc74e wp-block-buttons-is-layout-flex\">\n<div class=\"wp-block-button is-style-fill\"><a class=\"wp-block-button__link has-theme-primary-background-color has-background has-normal-font-size has-custom-font-size wp-element-button\" href=\"https:\/\/www.laget.se\/VallentunaJudo\/Member\">Ans\u00f6k om medlemskap h\u00e4r<\/a><\/div>\n<\/div>\n\n\n\n<p>N\u00e4r fakturan \u00e4r fullbetald blir du fullv\u00e4rdig medlem. I medlemskapet ing\u00e5r f\u00f6rs\u00e4kring.&nbsp;<\/p>\n\n\n\n<p>Tveka inta att <a href=\"mailto:info@vallentunajudo.se\">kontakta oss<\/a> om du har n\u00e5gra fr\u00e5gor kring medlemskapet.<\/p>\n<\/div>\n<\/div>\n","protected":false},"excerpt":{"rendered":"<p>Prova p\u00e5 Prova judo 1 g\u00e5ng gratis innan du best\u00e4mmer dig att bli medlem. Det g\u00e5r bra att b\u00f6rja n\u00e4rsomhelst, \u00e4ven mitt under terminen. Saknar du medlems- och tr\u00e4ningsfaktura? Medlemsprocessen [&hellip;]<\/p>\n","protected":false},"author":1,"featured_media":0,"parent":0,"menu_order":0,"comment_status":"closed","ping_status":"closed","template":"","meta":{"_genesis_hide_title":true,"_genesis_hide_breadcrumbs":true,"_genesis_hide_singular_image":true,"_genesis_hide_footer_widgets":false,"_genesis_custom_body_class":"","_genesis_custom_post_class":"","_genesis_layout":"full-width-content","_mc_calendar":[],"footnotes":""},"class_list":["post-141","page","type-page","status-publish","entry","has-post-thumbnail"],"featured_image_src":null,"featured_image_src_square":null,"_links":{"self":[{"href":"https:\/\/vallentunajudo.se\/index.php?rest_route=\/wp\/v2\/pages\/141","targetHints":{"allow":["GET"]}}],"collection":[{"href":"https:\/\/vallentunajudo.se\/index.php?rest_route=\/wp\/v2\/pages"}],"about":[{"href":"https:\/\/vallentunajudo.se\/index.php?rest_route=\/wp\/v2\/types\/page"}],"author":[{"embeddable":true,"href":"https:\/\/vallentunajudo.se\/index.php?rest_route=\/wp\/v2\/users\/1"}],"replies":[{"embeddable":true,"href":"https:\/\/vallentunajudo.se\/index.php?rest_route=%2Fwp%2Fv2%2Fcomments&post=141"}],"version-history":[{"count":29,"href":"https:\/\/vallentunajudo.se\/index.php?rest_route=\/wp\/v2\/pages\/141\/revisions"}],"predecessor-version":[{"id":2041,"href":"https:\/\/vallentunajudo.se\/index.php?rest_route=\/wp\/v2\/pages\/141\/revisions\/2041"}],"wp:attachment":[{"href":"https:\/\/vallentunajudo.se\/index.php?rest_route=%2Fwp%2Fv2%2Fmedia&parent=141"}],"curies":[{"name":"wp","href":"https:\/\/api.w.org\/{rel}","templated":true}]}}